{"id":611,"date":"2022-07-31T12:35:15","date_gmt":"2022-07-31T12:35:15","guid":{"rendered":"https:\/\/mediafactory-claas.de\/?page_id=611"},"modified":"2026-03-11T14:03:37","modified_gmt":"2026-03-11T14:03:37","slug":"preise-hochzeitsfotos","status":"publish","type":"page","link":"https:\/\/mediafactory-claas.de\/?page_id=611","title":{"rendered":"Preise Hochzeitsfotos"},"content":{"rendered":"\n<p>Bei den Preisen f\u00fcr Hochzeitsfotos gilt bei uns Motto &#8220;halte es einfach&#8221;. Wir bieten 2 verschieden Pakete an, aus denen Ihr f\u00fcr Euch das passende ausw\u00e4hlen k\u00f6nnt. Fotografiert wird u.a. mit der Sony A1, der Flagshipkamera von Sony mit einem 50 Megapixel Sensor der &#8220;Aufl\u00f6sungsk\u00f6nigen&#8221;, der A7RV mit 61 Megapixeln.  <\/p>\n\n\n\n<figure class=\"wp-block-image size-large\"><img loading=\"lazy\" decoding=\"async\" width=\"790\" height=\"526\" data-attachment-id=\"1102\" data-permalink=\"https:\/\/mediafactory-claas.de\/?attachment_id=1102\" data-orig-file=\"https:\/\/i0.wp.com\/mediafactory-claas.de\/wp-content\/uploads\/2026\/03\/Gemini_Generated_Image_t1h7tst1h7tst1h7.jpg?fit=2528%2C1684&amp;ssl=1\" data-orig-size=\"2528,1684\" data-comments-opened=\"0\" data-image-meta=\"{&quot;aperture&quot;:&quot;0&quot;,&quot;credit&quot;:&quot;&quot;,&quot;camera&quot;:&quot;&quot;,&quot;caption&quot;:&quot;&quot;,&quot;created_timestamp&quot;:&quot;0&quot;,&quot;copyright&quot;:&quot;&quot;,&quot;focal_length&quot;:&quot;0&quot;,&quot;iso&quot;:&quot;0&quot;,&quot;shutter_speed&quot;:&quot;0&quot;,&quot;title&quot;:&quot;&quot;,&quot;orientation&quot;:&quot;0&quot;}\" data-image-title=\"Gemini_Generated_Image_t1h7tst1h7tst1h7\" data-image-description=\"\" data-image-caption=\"\" data-medium-file=\"https:\/\/i0.wp.com\/mediafactory-claas.de\/wp-content\/uploads\/2026\/03\/Gemini_Generated_Image_t1h7tst1h7tst1h7.jpg?fit=300%2C200&amp;ssl=1\" data-large-file=\"https:\/\/i0.wp.com\/mediafactory-claas.de\/wp-content\/uploads\/2026\/03\/Gemini_Generated_Image_t1h7tst1h7tst1h7.jpg?fit=790%2C526&amp;ssl=1\" tabindex=\"0\" role=\"button\" src=\"https:\/\/i0.wp.com\/mediafactory-claas.de\/wp-content\/uploads\/2026\/03\/Gemini_Generated_Image_t1h7tst1h7tst1h7.jpg?resize=790%2C526&#038;ssl=1\" alt=\"\" class=\"wp-image-1102\" srcset=\"https:\/\/i0.wp.com\/mediafactory-claas.de\/wp-content\/uploads\/2026\/03\/Gemini_Generated_Image_t1h7tst1h7tst1h7.jpg?resize=1024%2C682&amp;ssl=1 1024w, https:\/\/i0.wp.com\/mediafactory-claas.de\/wp-content\/uploads\/2026\/03\/Gemini_Generated_Image_t1h7tst1h7tst1h7.jpg?resize=300%2C200&amp;ssl=1 300w, https:\/\/i0.wp.com\/mediafactory-claas.de\/wp-content\/uploads\/2026\/03\/Gemini_Generated_Image_t1h7tst1h7tst1h7.jpg?resize=768%2C512&amp;ssl=1 768w, https:\/\/i0.wp.com\/mediafactory-claas.de\/wp-content\/uploads\/2026\/03\/Gemini_Generated_Image_t1h7tst1h7tst1h7.jpg?resize=1536%2C1023&amp;ssl=1 1536w, https:\/\/i0.wp.com\/mediafactory-claas.de\/wp-content\/uploads\/2026\/03\/Gemini_Generated_Image_t1h7tst1h7tst1h7.jpg?resize=2048%2C1364&amp;ssl=1 2048w, https:\/\/i0.wp.com\/mediafactory-claas.de\/wp-content\/uploads\/2026\/03\/Gemini_Generated_Image_t1h7tst1h7tst1h7.jpg?resize=90%2C60&amp;ssl=1 90w, https:\/\/i0.wp.com\/mediafactory-claas.de\/wp-content\/uploads\/2026\/03\/Gemini_Generated_Image_t1h7tst1h7tst1h7.jpg?resize=374%2C249&amp;ssl=1 374w, https:\/\/i0.wp.com\/mediafactory-claas.de\/wp-content\/uploads\/2026\/03\/Gemini_Generated_Image_t1h7tst1h7tst1h7.jpg?w=2370&amp;ssl=1 2370w\" sizes=\"(max-width: 790px) 100vw, 790px\" data-recalc-dims=\"1\" \/><\/figure>\n\n\n\n<p>Alle Preise verstehen sich inklusive der Mehrwertsteuer in H\u00f6he von 19%<\/p>\n\n\n\n<h2 class=\"wp-block-heading\">Paket 1:     <strong>500,- \u20ac<\/strong> <\/h2>\n\n\n\n<ul>\n<li>Beratungsgespr\u00e4ch pers\u00f6nlich oder per Videokonferenz, je nach Ihrem Wunsch<\/li>\n\n\n\n<li>Am Hochzeitstag wird bis zu &nbsp;3 Stunden vor Ort fotografiert<\/li>\n\n\n\n<li>Bilder von der Trauung in der Kirche <strong>oder<\/strong> Standesamt <strong>oder<\/strong> an einer Location <\/li>\n\n\n\n<li>Fahrtkosten im Umkreis von Bochum (maximal 40 Km), f\u00fcr gr\u00f6\u00dfere Entfernungen fragt bitte nach dem Aufpreis<\/li>\n\n\n\n<li>Ergebnis:  Bilder zum Download \u00fcber unseren Server, die Anzahl kann variieren, es sind in der Regel aber immer mehrere hundert Bilder<\/li>\n<\/ul>\n\n\n\n<h2 class=\"wp-block-heading\">Paket 2:     <strong>1000,- \u20ac<\/strong> <\/h2>\n\n\n\n<ul>\n<li>Beratungsgespr\u00e4ch pers\u00f6nlich oder per Videokonferenz, je nach Ihrem Wunsch<\/li>\n\n\n\n<li>Am Hochzeitstag wird bis zu &nbsp;7 Stunden vor Ort fotografiert<\/li>\n\n\n\n<li>Bilder von der Trauung in der Kirche <strong>und<\/strong> Standesamt <strong>und<\/strong> an einer Location <\/li>\n\n\n\n<li>Fahrtkosten im Umkreis von Bochum (maximal 50 Km), f\u00fcr gr\u00f6\u00dfere Entfernungen fragt bitte nach dem Aufpreis<\/li>\n\n\n\n<li>Ergebnis:  Bilder zum Download \u00fcber unseren Server, die Anzahl kann variieren, es sind in der Regel aber immer mehrere hundert Bilder<\/li>\n<\/ul>\n\n\n\n<h2 class=\"wp-block-heading\">Zusatzleistungen:     <\/h2>\n\n\n\n<ul>\n<li>Preis f\u00fcr jede volle zus\u00e4tzliche Stunde: 150,-\u20ac<\/li>\n\n\n\n<li>Hochzeitsfoto im Bilderrahmen in Ausstellungsqualit\u00e4t von Halbe (Classic-Magnetrahmen Classic Alu 18, Schwarz matt, Normalglas, 500 mm x 700 mm mit Bild in 600 mm x 400 mm und Passepartout, Wei\u00df, 1,5 mm stark)    250,-\u20ac<\/li>\n<\/ul>\n","protected":false},"excerpt":{"rendered":"<p>Bei den Preisen f\u00fcr Hochzeitsfotos gilt bei uns Motto &#8220;halte es einfach&#8221;. Wir bieten 2 verschieden Pakete an, aus denen Ihr f\u00fcr Euch das passende ausw\u00e4hlen k\u00f6nnt. Fotografiert wird u.a. mit der Sony A1, der Flagshipkamera von Sony mit einem 50 Megapixel Sensor der &#8220;Aufl\u00f6sungsk\u00f6nigen&#8221;, der A7RV mit 61 Megapixeln. Alle Preise verstehen sich inklusive &hellip; <\/p>\n","protected":false},"author":1,"featured_media":0,"parent":0,"menu_order":0,"comment_status":"closed","ping_status":"closed","template":"","meta":{"jetpack_post_was_ever_published":false,"footnotes":""},"jetpack_sharing_enabled":true,"jetpack_shortlink":"https:\/\/wp.me\/P9kAVU-9R","jetpack_likes_enabled":true,"jetpack-related-posts":[],"_links":{"self":[{"href":"https:\/\/mediafactory-claas.de\/index.php?rest_route=\/wp\/v2\/pages\/611"}],"collection":[{"href":"https:\/\/mediafactory-claas.de\/index.php?rest_route=\/wp\/v2\/pages"}],"about":[{"href":"https:\/\/mediafactory-claas.de\/index.php?rest_route=\/wp\/v2\/types\/page"}],"author":[{"embeddable":true,"href":"https:\/\/mediafactory-claas.de\/index.php?rest_route=\/wp\/v2\/users\/1"}],"replies":[{"embeddable":true,"href":"https:\/\/mediafactory-claas.de\/index.php?rest_route=%2Fwp%2Fv2%2Fcomments&post=611"}],"version-history":[{"count":11,"href":"https:\/\/mediafactory-claas.de\/index.php?rest_route=\/wp\/v2\/pages\/611\/revisions"}],"predecessor-version":[{"id":1103,"href":"https:\/\/mediafactory-claas.de\/index.php?rest_route=\/wp\/v2\/pages\/611\/revisions\/1103"}],"wp:attachment":[{"href":"https:\/\/mediafactory-claas.de\/index.php?rest_route=%2Fwp%2Fv2%2Fmedia&parent=611"}],"curies":[{"name":"wp","href":"https:\/\/api.w.org\/{rel}","templated":true}]}}