{"id":6,"date":"2017-10-27T13:49:59","date_gmt":"2017-10-27T13:49:59","guid":{"rendered":"http:\/\/mediafactory-claas.de\/?page_id=6"},"modified":"2022-10-19T11:24:25","modified_gmt":"2022-10-19T11:24:25","slug":"datenschutzerklaerung","status":"publish","type":"page","link":"https:\/\/mediafactory-claas.de\/?page_id=6","title":{"rendered":"Datenschutzerkl\u00e4rung"},"content":{"rendered":"<p><code><\/code><\/p>\n<p><code><code><\/code><\/code><\/p>\n<h1>Datenschutzerkl\u00e4rung<\/h1>\n<p><code><code><\/code><\/code><\/p>\n<h2>Datenschutz<\/h2>\n<p><code><code><\/code><\/code><\/p>\n<p>Die Betreiber dieser Seiten nehmen\u00a0den Schutz Ihrer pers\u00f6nlichen Daten sehr ernst. Wir behandeln Ihre personenbezogenen Daten\u00a0vertraulich und entsprechend der gesetzlichen Datenschutzvorschriften sowie dieser\u00a0Datenschutzerkl\u00e4rung.<\/p>\n<p><code><code><\/code><\/code><\/p>\n<p>Die Nutzung unserer Website ist in der Regel ohne Angabe\u00a0personenbezogener Daten m\u00f6glich. Soweit auf unseren Seiten personenbezogene Daten\u00a0(beispielsweise Name, Anschrift oder E-Mail-Adressen) erhoben werden, erfolgt dies, soweit\u00a0m\u00f6glich, stets auf freiwilliger Basis. Diese Daten werden ohne Ihre ausdr\u00fcckliche Zustimmung\u00a0nicht an Dritte weitergegeben.<\/p>\n<p><code><code><\/code><\/code><\/p>\n<p>Wir weisen darauf hin, dass die Daten\u00fcbertragung im Internet\u00a0(z.B. bei der Kommunikation per E-Mail) Sicherheitsl\u00fccken aufweisen kann. Ein l\u00fcckenloser\u00a0Schutz der Daten vor dem Zugriff durch Dritte ist nicht m\u00f6glich.<\/p>\n<p><code><code><\/code><\/code><\/p>\n<p><code><code><\/code><\/code><\/p>\n<h2>Cookies<\/h2>\n<p><code><code><\/code><\/code><\/p>\n<p>Die Internetseiten verwenden teilweise so genannte Cookies. Cookies richten auf\u00a0Ihrem Rechner keinen Schaden an und enthalten keine Viren. Cookies dienen dazu, unser Angebot\u00a0nutzerfreundlicher, effektiver und sicherer zu machen. Cookies sind kleine Textdateien, die auf Ihrem<br \/>\nRechner abgelegt werden und die Ihr Browser speichert.<\/p>\n<p><code><code><\/code><\/code><\/p>\n<p>Die meisten der von uns verwendeten\u00a0Cookies sind so genannte \u201eSession-Cookies\u201c. Sie werden nach Ende Ihres Besuchs automatisch\u00a0gel\u00f6scht. Andere Cookies bleiben auf Ihrem Endger\u00e4t gespeichert, bis Sie diese l\u00f6schen.\u00a0Diese Cookies erm\u00f6glichen es uns, Ihren Browser beim n\u00e4chsten Besuch<br \/>\nwiederzuerkennen.<\/p>\n<p><code><code><\/code><\/code><\/p>\n<p>Sie k\u00f6nnen Ihren Browser so einstellen, dass Sie \u00fcber das Setzen\u00a0von Cookies informiert werden und Cookies nur im Einzelfall erlauben, die Annahme von Cookies f\u00fcr\u00a0bestimmte F\u00e4lle oder generell ausschlie\u00dfen sowie das automatische L\u00f6schen der\u00a0Cookies beim Schlie\u00dfen des Browser aktivieren. Bei der Deaktivierung von Cookies kann die\u00a0Funktionalit\u00e4t dieser Website eingeschr\u00e4nkt sein.<\/p>\n<p><code><code><\/code><\/code><\/p>\n<p><code><code><\/code><\/code><\/p>\n<h2>Server-Log-<br \/>\nFiles<\/h2>\n<p><code><code><\/code><\/code><\/p>\n<p>Der Provider der Seiten erhebt und speichert automatisch Informationen in so genannten<br \/>\nServer-Log Files, die Ihr Browser automatisch an uns \u00fcbermittelt. Dies sind:<\/p>\n<p><code><code><\/code><\/code><\/p>\n<ul>\n<li>Browsertyp und Browserversion<\/li>\n<li>verwendetes Betriebssystem<\/li>\n<li>Referrer URL<\/li>\n<li>Hostname des zugreifenden Rechners<\/li>\n<li>Uhrzeit der Serveranfrage<\/li>\n<\/ul>\n<p><code><code><\/code><\/code><\/p>\n<p>Diese Daten<br \/>\nsind nicht bestimmten Personen zuordenbar. Eine Zusammenf\u00fchrung dieser Daten mit anderen<br \/>\nDatenquellen wird nicht vorgenommen. Wir behalten uns vor, diese Daten nachtr\u00e4glich zu<br \/>\npr\u00fcfen, wenn uns konkrete Anhaltspunkte f\u00fcr eine rechtswidrige Nutzung bekannt<br \/>\nwerden.<\/p>\n<p><code><code><\/code><\/code><\/p>\n<p><code><code><\/code><\/code><\/p>\n<h2>Kontaktformular<\/h2>\n<p><code><code><\/code><\/code><\/p>\n<p>Wenn Sie uns per Kontaktformular Anfragen\u00a0zukommen lassen, werden Ihre Angaben aus dem Anfrageformular inklusive der von Ihnen dort\u00a0angegebenen Kontaktdaten zwecks Bearbeitung der Anfrage und f\u00fcr den Fall von Anschlussfragen\u00a0bei uns gespeichert. Diese Daten geben wir nicht ohne Ihre Einwilligung weiter.<\/p>\n<p><code><code><\/code><\/code><\/p>\n<p><code><code><\/code><\/code><\/p>\n<h2>Facebook-Plugins (Like-Button)<\/h2>\n<p><code><code><\/code><\/code><\/p>\n<p>Auf unseren Seiten sind Plugins des sozialen Netzwerks\u00a0Facebook, Anbieter Facebook Inc., 1 Hacker Way, Menlo Park, California 94025, USA, integriert. Die\u00a0Facebook-Plugins erkennen Sie an dem Facebook-Logo oder dem &#8220;Like-Button&#8221; (&#8220;Gef\u00e4llt mir&#8221;) auf\u00a0unserer Seite. Eine \u00dcbersicht \u00fcber die Facebook-Plugins finden Sie hier: <a href=\"https:\/\/developers.facebook.com\/docs\/plugins\/\" target=\"_blank\" rel=\"noopener\">https:\/\/developers.facebook.com\/docs\/plugins\/<\/a>.<\/p>\n<p><code><code><\/code><\/code><\/p>\n<p>Wenn Sie unsere Seiten\u00a0besuchen, wird \u00fcber das Plugin eine direkte Verbindung zwischen Ihrem Browser und dem\u00a0Facebook-Server hergestellt. Facebook erh\u00e4lt dadurch die Information, dass Sie mit Ihrer IPAdresse\u00a0unsere Seite besucht haben. Wenn Sie den Facebook &#8220;Like-Button&#8221; anklicken w\u00e4hrend Sie\u00a0in Ihrem Facebook-Account eingeloggt sind, k\u00f6nnen Sie die Inhalte unserer Seiten auf Ihrem<br \/>\nFacebook-Profil verlinken. Dadurch kann Facebook den Besuch unserer Seiten Ihrem Benutzerkonto<br \/>\nzuordnen. Wir weisen darauf hin, dass wir als Anbieter der Seiten keine Kenntnis vom Inhalt der<br \/>\n\u00fcbermittelten Daten sowie deren Nutzung durch Facebook erhalten. Weitere Informationen hierzu<br \/>\nfinden Sie in der Datenschutzerkl\u00e4rung von Facebook unter <a href=\"https:\/\/dede.\nfacebook.com\/policy.php\" target=\"_blank\" rel=\"noopener\">https:\/\/de-de.facebook.com\/policy.php<\/a>.<\/p>\n<p><code><code><\/code><\/code><\/p>\n<p>Wenn\u00a0Sie nicht w\u00fcnschen, dass Facebook den Besuch unserer Seiten Ihrem Facebook-Nutzerkonto<br \/>\nzuordnen kann, loggen Sie sich bitte aus Ihrem Facebook-Benutzerkonto aus.<\/p>\n<p><code><code><\/code><\/code><\/p>\n<p><code><code><\/code><\/code><\/p>\n<h2>Instagram<\/h2>\n<p><code><code><\/code><\/code><\/p>\n<p>Auf unseren Seiten sind Funktionen des Dienstes Instagram eingebunden.\u00a0Diese Funktionen werden angeboten durch die Instagram Inc., 1601 Willow Road, Menlo Park, CA,\u00a094025, USA integriert. Wenn Sie in Ihrem Instagram-Account eingeloggt sind k\u00f6nnen Sie durch\u00a0Anklicken des Instagram-Buttons die Inhalte unserer Seiten mit Ihrem Instagram-Profil verlinken. Dadurch\u00a0kann Instagram den Besuch unserer Seiten Ihrem Benutzerkonto zuordnen. Wir weisen darauf hin, dass\u00a0wir als Anbieter der Seiten keine Kenntnis vom Inhalt der u?bermittelten Daten sowie deren Nutzung\u00a0durch Instagram erhalten.\u00a0Weitere Informationen hierzu finden Sie in der<br \/>\nDatenschutzerkl\u00e4rung von Instagram: <a href=\"https:\/\/instagram.com\/about\/legal\/privacy\/\" target=\"_blank\" rel=\"noopener\">https:\/\/instagram.com\/about\/legal\/privacy\/<\/a><\/p>\n<p><code><code><\/code><\/code><\/p>\n<p><code><code><\/code><\/code><\/p>\n<p><code><code><\/code><\/code><\/p>\n<h2>YouTube<\/h2>\n<p><code><code><\/code><\/code><\/p>\n<p>Diese Website bindet Videos der YouTube ein. Betreiber der Seiten ist die Google Ireland Limited (\u201eGoogle\u201c), Gordon House, Barrow Street, Dublin 4, Irland. Wir nutzen YouTube im erweiterten Datenschutzmodus. Dieser Modus bewirkt laut YouTube, dass YouTube keine Informationen \u00fcber die Besucher auf dieser Website speichert, bevor diese sich das Video ansehen. Die Weitergabe von Daten an YouTube-Partner wird durch den erweiterten Datenschutzmodus hingegen nicht zwingend ausgeschlossen. So stellt YouTube \u2013 unabh\u00e4ngig davon, ob Sie sich ein Video ansehen \u2013 eine Verbindung zum Google DoubleClick-Netzwerk her. Sobald Sie ein YouTube-Video auf dieser Website starten, wird eine Verbindung zu den Servern von YouTube hergestellt. Dabei wird dem YouTube-Server mitgeteilt, welche unserer Seiten Sie besucht haben. Wenn Sie in Ihrem YouTube-Account eingeloggt sind, erm\u00f6glichen Sie YouTube, Ihr Surfverhalten direkt Ihrem pers\u00f6nlichen Profil zuzuordnen. Dies k\u00f6nnen Sie verhindern, indem Sie sich aus Ihrem YouTube-Account ausloggen. Des Weiteren kann YouTube nach Starten eines Videos verschiedene Cookies auf Ihrem Endger\u00e4t speichern oder vergleichbare Wiedererkennungstechnologien (z.B. Device-Fingerprinting) einsetzen. Auf diese Weise kann YouTube Informationen \u00fcber Besucher dieser Website erhalten. Diese Informationen werden u. a. verwendet, um Videostatistiken zu erfassen, die Anwenderfreundlichkeit zu verbessern und Betrugsversuchen vorzubeugen. Gegebenenfalls k\u00f6nnen nach dem Start eines YouTube-Videos weitere Datenverarbeitungsvorg\u00e4nge ausgel\u00f6st werden, auf die wir keinen Einfluss haben. Die Nutzung von YouTube erfolgt im Interesse einer ansprechenden Darstellung unserer Online-Angebote. Dies stellt ein berechtigtes Interesse im Sinne von Art. 6 Abs. 1 lit. f DSGVO dar. Sofern eine entsprechende Einwilligung abgefragt wurde, erfolgt die Verarbeitung ausschlie\u00dflich auf Grundlage von Art. 6 Abs. 1 lit. a DSGVO; die Einwilligung ist jederzeit widerrufbar. Weitere Informationen \u00fcber Datenschutz bei YouTube finden Sie in deren Datenschutzerkl\u00e4rung unter:\u00a0<a href=\"https:\/\/policies.google.com\/privacy?hl=de\" target=\"_blank\" rel=\"noopener noreferrer\">https:\/\/policies.google.com\/privacy?hl=de<\/a>.<\/p>\n<p><code><code><\/code><\/code><\/p>\n<p><code><code><\/code><\/code><\/p>\n<h2>SSLVerschl\u00fcsselung<\/h2>\n<p><code><code><\/code><\/code><\/p>\n<p>Diese Seite nutzt aus Gr\u00fcnden der Sicherheit und zum Schutz der<br \/>\n\u00dcbertragung vertraulicher Inhalte, wie zum Beispiel der Anfragen, die Sie an uns als Seitenbetreiber<br \/>\nsenden, eine SSL-Verschl\u00fcsselung. Eine verschl\u00fcsselte Verbindung erkennen Sie daran, dass<br \/>\ndie Adresszeile des Browsers von &#8220;http:\/\/&#8221; auf &#8220;https:\/\/&#8221; wechselt und an dem<br \/>\nSchloss-Symbol in Ihrer Browserzeile.\u00a0Wenn die SSL Verschl\u00fcsselung aktiviert ist,\u00a0k\u00f6nnen die Daten, die Sie an uns \u00fcbermitteln, nicht von Dritten mitgelesen\u00a0werden.<\/p>\n<p><code><code><\/code><\/code><\/p>\n<p><code><code><\/code><\/code><\/p>\n<p><code><code><\/code><\/code><\/p>\n<h2>Recht auf Auskunft, L\u00f6schung, Sperrung<\/h2>\n<p><code><code><\/code><\/code><\/p>\n<p>Sie haben\u00a0jederzeit das Recht auf unentgeltliche Auskunft \u00fcber Ihre gespeicherten personenbezogenen Daten,\u00a0deren Herkunft und Empf\u00e4nger und den Zweck der Datenverarbeitung sowie ein Recht auf<br \/>\nBerichtigung, Sperrung oder L\u00f6schung dieser Daten. Hierzu sowie zu weiteren Fragen zum Thema<br \/>\npersonenbezogene Daten k\u00f6nnen Sie sich jederzeit unter der im Impressum angegebenen Adresse<br \/>\nan uns wenden.<\/p>\n<p><code><code><\/code><\/code><\/p>\n<p><code><code><\/code><\/code><\/p>\n<h2>Widerspruch Werbe-Mails<\/h2>\n<p><code><code><\/code><\/code><\/p>\n<p>Der Nutzung von im\u00a0Rahmen der Impressumspflicht ver\u00f6ffentlichten Kontaktdaten zur \u00dcbersendung von nicht\u00a0ausdr\u00fccklich angeforderter Werbung und Informationsmaterialien wird hiermit widersprochen. Die<br \/>\nBetreiber der Seiten behalten sich ausdr\u00fccklich rechtliche Schritte im Falle der unverlangten<br \/>\nZusendung von Werbeinformationen, etwa durch Spam-E-Mails, vor.<\/p>\n<p><code><code><\/code><\/code><\/p>\n<p><code><code><\/code><\/code><\/p>\n<p>Quelle: <a href=\"https:\/\/www.e-recht24.de\">eRecht24<\/a><\/p>\n<p><code><br \/>\n<\/code><\/p>\n<p><code><\/code><\/p>\n","protected":false},"excerpt":{"rendered":"<p>Datenschutzerkl\u00e4rung Datenschutz Die Betreiber dieser Seiten nehmen\u00a0den Schutz Ihrer pers\u00f6nlichen Daten sehr ernst. Wir behandeln Ihre personenbezogenen Daten\u00a0vertraulich und entsprechend der gesetzlichen Datenschutzvorschriften sowie dieser\u00a0Datenschutzerkl\u00e4rung. Die Nutzung unserer Website ist in der Regel ohne Angabe\u00a0personenbezogener Daten m\u00f6glich. Soweit auf unseren Seiten personenbezogene Daten\u00a0(beispielsweise Name, Anschrift oder E-Mail-Adressen) erhoben werden, erfolgt dies, soweit\u00a0m\u00f6glich, stets auf freiwilliger &hellip; <\/p>\n","protected":false},"author":1,"featured_media":0,"parent":0,"menu_order":0,"comment_status":"closed","ping_status":"closed","template":"","meta":{"jetpack_post_was_ever_published":false,"footnotes":""},"jetpack_sharing_enabled":true,"jetpack_shortlink":"https:\/\/wp.me\/P9kAVU-6","jetpack_likes_enabled":true,"jetpack-related-posts":[],"_links":{"self":[{"href":"https:\/\/mediafactory-claas.de\/index.php?rest_route=\/wp\/v2\/pages\/6"}],"collection":[{"href":"https:\/\/mediafactory-claas.de\/index.php?rest_route=\/wp\/v2\/pages"}],"about":[{"href":"https:\/\/mediafactory-claas.de\/index.php?rest_route=\/wp\/v2\/types\/page"}],"author":[{"embeddable":true,"href":"https:\/\/mediafactory-claas.de\/index.php?rest_route=\/wp\/v2\/users\/1"}],"replies":[{"embeddable":true,"href":"https:\/\/mediafactory-claas.de\/index.php?rest_route=%2Fwp%2Fv2%2Fcomments&post=6"}],"version-history":[{"count":8,"href":"https:\/\/mediafactory-claas.de\/index.php?rest_route=\/wp\/v2\/pages\/6\/revisions"}],"predecessor-version":[{"id":802,"href":"https:\/\/mediafactory-claas.de\/index.php?rest_route=\/wp\/v2\/pages\/6\/revisions\/802"}],"wp:attachment":[{"href":"https:\/\/mediafactory-claas.de\/index.php?rest_route=%2Fwp%2Fv2%2Fmedia&parent=6"}],"curies":[{"name":"wp","href":"https:\/\/api.w.org\/{rel}","templated":true}]}}