{"id":503,"date":"2022-02-24T14:48:38","date_gmt":"2022-02-24T14:48:38","guid":{"rendered":"https:\/\/mediafactory-claas.de\/?page_id=503"},"modified":"2022-08-21T09:34:22","modified_gmt":"2022-08-21T09:34:22","slug":"ueber-mich","status":"publish","type":"page","link":"https:\/\/mediafactory-claas.de\/?page_id=503","title":{"rendered":"\u00dcber mich"},"content":{"rendered":"\n<p>Ich bin Dieter Claas und habe das Gl\u00fcck, mit meiner Frau Michaela und meiner Tochter Mareille im Herzen des Ruhrgebietes leben zu d\u00fcrfen. <\/p>\n\n\n\n<p><\/p>\n\n\n\n<figure class=\"wp-block-image size-large\"><img loading=\"lazy\" decoding=\"async\" width=\"790\" height=\"527\" data-attachment-id=\"85\" data-permalink=\"https:\/\/mediafactory-claas.de\/?attachment_id=85\" data-orig-file=\"https:\/\/i0.wp.com\/mediafactory-claas.de\/wp-content\/uploads\/2017\/10\/DSC_1086hd.jpg?fit=1900%2C1267&amp;ssl=1\" data-orig-size=\"1900,1267\" data-comments-opened=\"1\" data-image-meta=\"{&quot;aperture&quot;:&quot;6.3&quot;,&quot;credit&quot;:&quot;&quot;,&quot;camera&quot;:&quot;NIKON D500&quot;,&quot;caption&quot;:&quot;&quot;,&quot;created_timestamp&quot;:&quot;0&quot;,&quot;copyright&quot;:&quot;&quot;,&quot;focal_length&quot;:&quot;50&quot;,&quot;iso&quot;:&quot;100&quot;,&quot;shutter_speed&quot;:&quot;0.0125&quot;,&quot;title&quot;:&quot;&quot;,&quot;orientation&quot;:&quot;1&quot;}\" data-image-title=\"DSC_1086hd\" data-image-description=\"\" data-image-caption=\"\" data-medium-file=\"https:\/\/i0.wp.com\/mediafactory-claas.de\/wp-content\/uploads\/2017\/10\/DSC_1086hd.jpg?fit=300%2C200&amp;ssl=1\" data-large-file=\"https:\/\/i0.wp.com\/mediafactory-claas.de\/wp-content\/uploads\/2017\/10\/DSC_1086hd.jpg?fit=790%2C527&amp;ssl=1\" tabindex=\"0\" role=\"button\" src=\"https:\/\/i0.wp.com\/mediafactory-claas.de\/wp-content\/uploads\/2017\/10\/DSC_1086hd.jpg?resize=790%2C527&#038;ssl=1\" alt=\"\" class=\"wp-image-85\" srcset=\"https:\/\/i0.wp.com\/mediafactory-claas.de\/wp-content\/uploads\/2017\/10\/DSC_1086hd.jpg?resize=1024%2C683&amp;ssl=1 1024w, https:\/\/i0.wp.com\/mediafactory-claas.de\/wp-content\/uploads\/2017\/10\/DSC_1086hd.jpg?resize=300%2C200&amp;ssl=1 300w, https:\/\/i0.wp.com\/mediafactory-claas.de\/wp-content\/uploads\/2017\/10\/DSC_1086hd.jpg?resize=768%2C512&amp;ssl=1 768w, https:\/\/i0.wp.com\/mediafactory-claas.de\/wp-content\/uploads\/2017\/10\/DSC_1086hd.jpg?w=1900&amp;ssl=1 1900w, https:\/\/i0.wp.com\/mediafactory-claas.de\/wp-content\/uploads\/2017\/10\/DSC_1086hd.jpg?w=1580&amp;ssl=1 1580w\" sizes=\"(max-width: 790px) 100vw, 790px\" data-recalc-dims=\"1\" \/><\/figure>\n\n\n\n<p>Schon als Junge fotografierte ich mit Leidenschaft. Im Fotolabor der Sternwarte Bochum habe ich als Sch\u00fcler die Arbeit im Fotolabor erlernt. Filmmaterial musste vom immer knappen Taschengeld oder durch Sch\u00fclerjobs bezahlt werden. Meine ersten Filme habe ich mit einer Nizo Super 8 Kamera gedreht. <\/p>\n\n\n\n<figure class=\"wp-block-image size-large\"><img loading=\"lazy\" decoding=\"async\" width=\"790\" height=\"526\" data-attachment-id=\"698\" data-permalink=\"https:\/\/mediafactory-claas.de\/?attachment_id=698\" data-orig-file=\"https:\/\/i0.wp.com\/mediafactory-claas.de\/wp-content\/uploads\/2022\/08\/analog-1545405_1280.jpg?fit=1280%2C853&amp;ssl=1\" data-orig-size=\"1280,853\" data-comments-opened=\"0\" data-image-meta=\"{&quot;aperture&quot;:&quot;0&quot;,&quot;credit&quot;:&quot;&quot;,&quot;camera&quot;:&quot;&quot;,&quot;caption&quot;:&quot;&quot;,&quot;created_timestamp&quot;:&quot;0&quot;,&quot;copyright&quot;:&quot;&quot;,&quot;focal_length&quot;:&quot;0&quot;,&quot;iso&quot;:&quot;0&quot;,&quot;shutter_speed&quot;:&quot;0&quot;,&quot;title&quot;:&quot;&quot;,&quot;orientation&quot;:&quot;0&quot;}\" data-image-title=\"analog-1545405_1280\" data-image-description=\"\" data-image-caption=\"\" data-medium-file=\"https:\/\/i0.wp.com\/mediafactory-claas.de\/wp-content\/uploads\/2022\/08\/analog-1545405_1280.jpg?fit=300%2C200&amp;ssl=1\" data-large-file=\"https:\/\/i0.wp.com\/mediafactory-claas.de\/wp-content\/uploads\/2022\/08\/analog-1545405_1280.jpg?fit=790%2C526&amp;ssl=1\" tabindex=\"0\" role=\"button\" src=\"https:\/\/i0.wp.com\/mediafactory-claas.de\/wp-content\/uploads\/2022\/08\/analog-1545405_1280.jpg?resize=790%2C526&#038;ssl=1\" alt=\"\" class=\"wp-image-698\" srcset=\"https:\/\/i0.wp.com\/mediafactory-claas.de\/wp-content\/uploads\/2022\/08\/analog-1545405_1280.jpg?resize=1024%2C682&amp;ssl=1 1024w, https:\/\/i0.wp.com\/mediafactory-claas.de\/wp-content\/uploads\/2022\/08\/analog-1545405_1280.jpg?resize=300%2C200&amp;ssl=1 300w, https:\/\/i0.wp.com\/mediafactory-claas.de\/wp-content\/uploads\/2022\/08\/analog-1545405_1280.jpg?resize=768%2C512&amp;ssl=1 768w, https:\/\/i0.wp.com\/mediafactory-claas.de\/wp-content\/uploads\/2022\/08\/analog-1545405_1280.jpg?resize=90%2C60&amp;ssl=1 90w, https:\/\/i0.wp.com\/mediafactory-claas.de\/wp-content\/uploads\/2022\/08\/analog-1545405_1280.jpg?resize=374%2C249&amp;ssl=1 374w, https:\/\/i0.wp.com\/mediafactory-claas.de\/wp-content\/uploads\/2022\/08\/analog-1545405_1280.jpg?w=1280&amp;ssl=1 1280w\" sizes=\"(max-width: 790px) 100vw, 790px\" data-recalc-dims=\"1\" \/><\/figure>\n\n\n\n<p><\/p>\n\n\n\n<p>Die Zeit mit eigenem Labor war spannend, man musste mit den Materialien sorgsam und sparsam umgehen. Ein Film hatte nur 36 Bilder, Fotopapier und Chemie waren teuer, da lernt man sorgf\u00e4ltig zu arbeiten. Den Weg in die digitale Fotografie habe ich von Anfang an mit gemacht. Als die ersten Kameras, die sowohl fotografieren als auch filmen konnten, verwischten sich die Grenzen zwischen Film und Foto. Ich bin in beiden Welten zu Hause und war begeistert, von den M\u00f6glichkeiten, die der Filmbereich zus\u00e4tzlich bot. Seit 2017 betreibe ich nun als bei Handwerksammer  gef\u00fchrter Fotograf und Filmer eine kleine Filmmanufaktur und biete Foto und Filme in verschiedensten Bereichen an.  Neben Hochzeiten filme ich Interviews, Veranstaltungen und Werbung. Der Fotobereich gewinnt gerade bei mir wieder zunehmend an Bedeutung. Gerade Hochzeitsshootings und Familienbilder in der Kulisse der Industriekultur werden stark nachgefragt. <\/p>\n\n\n\n<figure class=\"wp-block-image size-large\"><img loading=\"lazy\" decoding=\"async\" width=\"790\" height=\"527\" data-attachment-id=\"565\" data-permalink=\"https:\/\/mediafactory-claas.de\/?attachment_id=565\" data-orig-file=\"https:\/\/i0.wp.com\/mediafactory-claas.de\/wp-content\/uploads\/2022\/05\/DSC01402.jpg?fit=1752%2C1168&amp;ssl=1\" data-orig-size=\"1752,1168\" data-comments-opened=\"0\" data-image-meta=\"{&quot;aperture&quot;:&quot;1.4&quot;,&quot;credit&quot;:&quot;&quot;,&quot;camera&quot;:&quot;ILCE-7M4&quot;,&quot;caption&quot;:&quot;&quot;,&quot;created_timestamp&quot;:&quot;1651402740&quot;,&quot;copyright&quot;:&quot;&quot;,&quot;focal_length&quot;:&quot;85&quot;,&quot;iso&quot;:&quot;320&quot;,&quot;shutter_speed&quot;:&quot;0.01&quot;,&quot;title&quot;:&quot;&quot;,&quot;orientation&quot;:&quot;0&quot;}\" data-image-title=\"DSC01402\" data-image-description=\"\" data-image-caption=\"\" data-medium-file=\"https:\/\/i0.wp.com\/mediafactory-claas.de\/wp-content\/uploads\/2022\/05\/DSC01402.jpg?fit=300%2C200&amp;ssl=1\" data-large-file=\"https:\/\/i0.wp.com\/mediafactory-claas.de\/wp-content\/uploads\/2022\/05\/DSC01402.jpg?fit=790%2C527&amp;ssl=1\" tabindex=\"0\" role=\"button\" src=\"https:\/\/i0.wp.com\/mediafactory-claas.de\/wp-content\/uploads\/2022\/05\/DSC01402.jpg?resize=790%2C527&#038;ssl=1\" alt=\"\" class=\"wp-image-565\" srcset=\"https:\/\/i0.wp.com\/mediafactory-claas.de\/wp-content\/uploads\/2022\/05\/DSC01402.jpg?resize=1024%2C683&amp;ssl=1 1024w, https:\/\/i0.wp.com\/mediafactory-claas.de\/wp-content\/uploads\/2022\/05\/DSC01402.jpg?resize=300%2C200&amp;ssl=1 300w, https:\/\/i0.wp.com\/mediafactory-claas.de\/wp-content\/uploads\/2022\/05\/DSC01402.jpg?resize=768%2C512&amp;ssl=1 768w, https:\/\/i0.wp.com\/mediafactory-claas.de\/wp-content\/uploads\/2022\/05\/DSC01402.jpg?resize=1536%2C1024&amp;ssl=1 1536w, https:\/\/i0.wp.com\/mediafactory-claas.de\/wp-content\/uploads\/2022\/05\/DSC01402.jpg?w=1752&amp;ssl=1 1752w\" sizes=\"(max-width: 790px) 100vw, 790px\" data-recalc-dims=\"1\" \/><\/figure>\n","protected":false},"excerpt":{"rendered":"<p>Ich bin Dieter Claas und habe das Gl\u00fcck, mit meiner Frau Michaela und meiner Tochter Mareille im Herzen des Ruhrgebietes leben zu d\u00fcrfen. Schon als Junge fotografierte ich mit Leidenschaft. Im Fotolabor der Sternwarte Bochum habe ich als Sch\u00fcler die Arbeit im Fotolabor erlernt. Filmmaterial musste vom immer knappen Taschengeld oder durch Sch\u00fclerjobs bezahlt werden. &hellip; <\/p>\n","protected":false},"author":1,"featured_media":0,"parent":0,"menu_order":0,"comment_status":"closed","ping_status":"closed","template":"","meta":{"jetpack_post_was_ever_published":false,"footnotes":""},"jetpack_sharing_enabled":true,"jetpack_shortlink":"https:\/\/wp.me\/P9kAVU-87","jetpack_likes_enabled":true,"jetpack-related-posts":[],"_links":{"self":[{"href":"https:\/\/mediafactory-claas.de\/index.php?rest_route=\/wp\/v2\/pages\/503"}],"collection":[{"href":"https:\/\/mediafactory-claas.de\/index.php?rest_route=\/wp\/v2\/pages"}],"about":[{"href":"https:\/\/mediafactory-claas.de\/index.php?rest_route=\/wp\/v2\/types\/page"}],"author":[{"embeddable":true,"href":"https:\/\/mediafactory-claas.de\/index.php?rest_route=\/wp\/v2\/users\/1"}],"replies":[{"embeddable":true,"href":"https:\/\/mediafactory-claas.de\/index.php?rest_route=%2Fwp%2Fv2%2Fcomments&post=503"}],"version-history":[{"count":16,"href":"https:\/\/mediafactory-claas.de\/index.php?rest_route=\/wp\/v2\/pages\/503\/revisions"}],"predecessor-version":[{"id":916,"href":"https:\/\/mediafactory-claas.de\/index.php?rest_route=\/wp\/v2\/pages\/503\/revisions\/916"}],"wp:attachment":[{"href":"https:\/\/mediafactory-claas.de\/index.php?rest_route=%2Fwp%2Fv2%2Fmedia&parent=503"}],"curies":[{"name":"wp","href":"https:\/\/api.w.org\/{rel}","templated":true}]}}