{"id":460,"date":"2021-11-27T12:55:41","date_gmt":"2021-11-27T12:55:41","guid":{"rendered":"http:\/\/mediafactory-claas.de\/?page_id=460"},"modified":"2021-11-28T13:33:27","modified_gmt":"2021-11-28T13:33:27","slug":"video-stream-eurer-hochzeit","status":"publish","type":"page","link":"https:\/\/mediafactory-claas.de\/?page_id=460","title":{"rendered":"Video-Stream Eurer Hochzeit"},"content":{"rendered":"\n<p>Die Planung einer Hochzeit ist derzeit herausfordernd.  Die Bedingungen \u00e4ndern sich regelm\u00e4\u00dfig und es ist schwierig, eine verbindliche Planung durchzuf\u00fchren. Viele unserer Hochzeitspaare haben ihre Trauung oder die Hochzeitsfeier bereits vor diesem Hintergrund mehrfach verschoben. Ein Ende dieser Unsicherheit ist mittelfristig nicht absehbar. Hinzu kommen gesetzliche Bestimmungen, die sich tagesaktuell \u00e4ndern k\u00f6nnen.  Wer nun trotzdem heiraten m\u00f6chte, kann dies vielleicht nur in einem sehr kleinen Kreis durchf\u00fchren. Wer soll oder darf eingeladen werden? Eine schwierige Entscheidung, die Ihr treffen m\u00fcsst. <\/p>\n\n\n\n<p> Ein Livestream Eurer Hochzeit kann eine L\u00f6sung f\u00fcr das Dilemma darstellen. Seit Beginn der Coronabeschr\u00e4nkungen sind Video\u00fcbertragungen im Privat- und Berufsleben auf dem Vormarsch. Die Angebote am Markt f\u00fcr das Streamen von Hochzeiten unterscheiden sich teilweise sehr deutlich, dies macht sich auch bei den Preisen bemerkbar. Die einfachsten Angebote streamen mit einem iPad oder iPhone in eine eigens eingerichtete Whatsapgruppe, \u00fcber Skype, Teams, Webex oder einen anderen Dienst. Die Bild- und Tonqualit\u00e4t ist mit professionellen L\u00f6sungen nicht vergleichbar. Daf\u00fcr sind dann die Preise im Regelfall recht g\u00fcnstig. Auf der anderen Seite des Leistungsspektrums befinden sich Anbieter mit steuerbaren Studiokameras, Mischpulten, Tontechnik, Beleuchtung und einem gr\u00f6\u00dferen Team. Bei diesen L\u00f6sungen bewegt man sich schnell im 5-stelligen Bereich. Die Film-Manufaktur versucht hier einen Mittelweg zwischen einem bezahlbaren Preis bei hoher Qualit\u00e4t. Unser Anspruch ist es, ein hochwertiges Produkt zu erstellen, welches man sich aber auch leisten kann. <\/p>\n\n\n\n<p>Um Euch auf ein Beratungsgespr\u00e4ch vorzubereiten, haben wir die wichtigsten Fragen aufgef\u00fchrt: <\/p>\n\n\n\n<p><strong>Was bietet die Film-Manufaktur konkret an? <\/strong><\/p>\n\n\n\n<p>Unser Angebot h\u00e4ngt nat\u00fcrlich von den M\u00f6glichkeiten vor Ort ab. Wir passen die Technik den Bedingungen an und sprechen das mit Euch ab. Maximal k\u00f6nnen 4 Kameras parallel eingesetzt werden. Zwischen den Kameras wird dann je nach gew\u00fcnschtem Blickwinkel w\u00e4hrend des Streams umgeschaltet. Wir verwenden hierf\u00fcr u.a. Cinecams, wie die Sony FX6 oder videoorientierte Kameras wie die Sony A7SIII. Eure Hochzeit wird dann auf einem nicht \u00f6ffentlichen Youtubekanal in Full HD gestreamt. Das bedeutet: Ihr erhaltet von uns einen Link im Vorfeld und k\u00f6nnt diesen Eurer Familie und Freunden zur Verf\u00fcgung  stellen. <\/p>\n\n\n\n<figure class=\"wp-block-image size-large\"><img loading=\"lazy\" decoding=\"async\" width=\"790\" height=\"525\" data-attachment-id=\"487\" data-permalink=\"https:\/\/mediafactory-claas.de\/?attachment_id=487\" data-orig-file=\"https:\/\/i0.wp.com\/mediafactory-claas.de\/wp-content\/uploads\/2021\/11\/DSC_8693-scaled-e1638106304971.jpg?fit=500%2C333&amp;ssl=1\" data-orig-size=\"500,333\" data-comments-opened=\"0\" data-image-meta=\"{&quot;aperture&quot;:&quot;4&quot;,&quot;credit&quot;:&quot;&quot;,&quot;camera&quot;:&quot;NIKON Z 6&quot;,&quot;caption&quot;:&quot;&quot;,&quot;created_timestamp&quot;:&quot;1638104945&quot;,&quot;copyright&quot;:&quot;&quot;,&quot;focal_length&quot;:&quot;49&quot;,&quot;iso&quot;:&quot;1250&quot;,&quot;shutter_speed&quot;:&quot;0.016666666666667&quot;,&quot;title&quot;:&quot;&quot;,&quot;orientation&quot;:&quot;1&quot;}\" data-image-title=\"DSC_8693\" data-image-description=\"\" data-image-caption=\"\" data-medium-file=\"https:\/\/i0.wp.com\/mediafactory-claas.de\/wp-content\/uploads\/2021\/11\/DSC_8693-scaled-e1638106304971.jpg?fit=300%2C200&amp;ssl=1\" data-large-file=\"https:\/\/i0.wp.com\/mediafactory-claas.de\/wp-content\/uploads\/2021\/11\/DSC_8693-scaled-e1638106304971.jpg?fit=790%2C525&amp;ssl=1\" tabindex=\"0\" role=\"button\" src=\"https:\/\/i0.wp.com\/mediafactory-claas.de\/wp-content\/uploads\/2021\/11\/DSC_8693.jpg?resize=790%2C525&#038;ssl=1\" alt=\"\" class=\"wp-image-487\" data-recalc-dims=\"1\"\/><\/figure>\n\n\n\n<p><strong>Haben wir dann nur den Stream und keinen Film? <\/strong><\/p>\n\n\n\n<p>Die Film Manufaktur erstellt im Anschluss aus dem aufgenommen Material einen Film. Die Streamingkameras fungieren nat\u00fcrlich auch als ganz normale Aufnahmekameras, die Aufzeichnung erfolgt auf internen Speicherkarten. Wir nehmen Eure Hochzeit in 4K auf und schneiden dann Euren Film. <\/p>\n\n\n\n<p><strong>Vor Ort haben wir kein W-Lan, wie \u00fcbertragt Ihr den Stream? <\/strong><\/p>\n\n\n\n<p>Internet ist nicht an jeder Location vorhanden. Von daher setzten wir LTE Router ein. Um sicher zu gehen, haben wir mehr als einen LTE-Anbieter zur Verf\u00fcgung. <\/p>\n\n\n\n<p><strong>Ben\u00f6tigt Ihr Strom? <\/strong><\/p>\n\n\n\n<p>Jain. Strom aus der Steckdose ist im Idealfall verf\u00fcgbar. Ein Akkubetrieb der Streamingkomponenten ist m\u00f6glich aber nicht der beste Weg. Im Notfall k\u00f6nnen wir bis zu 2 Stunden ohne jede Stromversorgung auskommen. <\/p>\n\n\n\n<p><strong>Wie war das noch einmal mit dem Ton? <\/strong><\/p>\n\n\n\n<p>Ein gutes Bild ist wichtig, guter Ton ist noch wichtiger. Wir nehmen den Ton mit Funkstrecken auf und \u00fcbertragen auch ein zart gehauchtes &#8220;Ja&#8221; in bester Qualit\u00e4t. Die oben erw\u00e4hnten Billigl\u00f6sungen mit iPhone und Co k\u00f6nnen mit einer professionellen Funkstrecke nicht mithalten. Hierzu verwenden wir im Broadcastbereich \u00fcbliche Standards. <\/p>\n\n\n\n<p><strong>Nach der Trauung geht es (vielleicht im kleinen Kreis?) noch weiter, k\u00f6nnt Ihr das streamen? <\/strong><\/p>\n\n\n\n<p>Nat\u00fcrlich geht das. Die Frage ist nur, ob ein sehr langer Stream auch sinnvoll ist.  Das entscheidet Ihr selber, wir beraten hierzu gerne. <\/p>\n\n\n\n<p><strong>Und was kostet das nun, wenn wir mit Euch einen Stream realisieren wollen? <\/strong><\/p>\n\n\n\n<p>Jetzt w\u00e4re eine Preistabelle sch\u00f6n, da Eure Anforderungen aber so unterschiedlich sind wie Ihr es als Individuen seid, kann man das pauschal kaum sagen.  Von daher n\u00e4hern wir uns an und schildern ein &#8220;normales&#8221; Szenario. Das w\u00e4ren 2 Kameras, 2 Funkstrecken, ein zus\u00e4tzliches Raummikrofon f\u00fcr eine Trauung im Standesamt, bei einer freien Trauung oder alternativ in der Kirche.  Die Einwilligung des Standesbeamten oder des Geistlichen sind hierbei nat\u00fcrlich im Vorfeld einzuholen. Dieses Szenario kostet 1200\u20ac inklusive Mwst. Eine Tagesbegleitung mit bis zu 4 Kameras und 2 Kameraleuten, streaming an 2 Lokalit\u00e4ten kostet ca. 2500\u20ac inklusive Mwst. <\/p>\n\n\n\n<p>Gerne beraten wir Euch zu Eurer Planung und Ihr erhaltet dann am Ende des Gespr\u00e4chs ein verbindliches Angebot. <\/p>\n\n\n\n<p><strong>Demolink eines Events<\/strong><\/p>\n\n\n\n<p>Und so sieht ein terminierter Videostream in der Vorschau aus: <\/p>\n\n\n\n<figure class=\"wp-block-embed is-type-video is-provider-youtube wp-block-embed-youtube wp-embed-aspect-16-9 wp-has-aspect-ratio\"><div class=\"wp-block-embed__wrapper\">\n<iframe loading=\"lazy\"  id=\"_ytid_41362\"  width=\"790\" height=\"444\"  data-origwidth=\"790\" data-origheight=\"444\" src=\"https:\/\/www.youtube.com\/embed\/ZXxbba-vmYs?enablejsapi=1&#038;autoplay=0&#038;cc_load_policy=0&#038;cc_lang_pref=&#038;iv_load_policy=1&#038;loop=0&#038;modestbranding=0&#038;rel=0&#038;fs=1&#038;playsinline=0&#038;autohide=2&#038;theme=dark&#038;color=red&#038;controls=1&#038;\" class=\"__youtube_prefs__  epyt-is-override  no-lazyload\" title=\"YouTube player\"  allow=\"accelerometer; autoplay; clipboard-write; encrypted-media; gyroscope; picture-in-picture\" allowfullscreen data-no-lazy=\"1\" data-skipgform_ajax_framebjll=\"\"><\/iframe>\n<\/div><\/figure>\n","protected":false},"excerpt":{"rendered":"<p>Die Planung einer Hochzeit ist derzeit herausfordernd. Die Bedingungen \u00e4ndern sich regelm\u00e4\u00dfig und es ist schwierig, eine verbindliche Planung durchzuf\u00fchren. Viele unserer Hochzeitspaare haben ihre Trauung oder die Hochzeitsfeier bereits vor diesem Hintergrund mehrfach verschoben. Ein Ende dieser Unsicherheit ist mittelfristig nicht absehbar. Hinzu kommen gesetzliche Bestimmungen, die sich tagesaktuell \u00e4ndern k\u00f6nnen. Wer nun trotzdem &hellip; <\/p>\n","protected":false},"author":1,"featured_media":479,"parent":0,"menu_order":0,"comment_status":"closed","ping_status":"closed","template":"","meta":{"jetpack_post_was_ever_published":false,"footnotes":""},"jetpack_sharing_enabled":true,"jetpack_shortlink":"https:\/\/wp.me\/P9kAVU-7q","jetpack_likes_enabled":true,"jetpack-related-posts":[],"_links":{"self":[{"href":"https:\/\/mediafactory-claas.de\/index.php?rest_route=\/wp\/v2\/pages\/460"}],"collection":[{"href":"https:\/\/mediafactory-claas.de\/index.php?rest_route=\/wp\/v2\/pages"}],"about":[{"href":"https:\/\/mediafactory-claas.de\/index.php?rest_route=\/wp\/v2\/types\/page"}],"author":[{"embeddable":true,"href":"https:\/\/mediafactory-claas.de\/index.php?rest_route=\/wp\/v2\/users\/1"}],"replies":[{"embeddable":true,"href":"https:\/\/mediafactory-claas.de\/index.php?rest_route=%2Fwp%2Fv2%2Fcomments&post=460"}],"version-history":[{"count":13,"href":"https:\/\/mediafactory-claas.de\/index.php?rest_route=\/wp\/v2\/pages\/460\/revisions"}],"predecessor-version":[{"id":488,"href":"https:\/\/mediafactory-claas.de\/index.php?rest_route=\/wp\/v2\/pages\/460\/revisions\/488"}],"wp:featuredmedia":[{"embeddable":true,"href":"https:\/\/mediafactory-claas.de\/index.php?rest_route=\/wp\/v2\/media\/479"}],"wp:attachment":[{"href":"https:\/\/mediafactory-claas.de\/index.php?rest_route=%2Fwp%2Fv2%2Fmedia&parent=460"}],"curies":[{"name":"wp","href":"https:\/\/api.w.org\/{rel}","templated":true}]}}