{"id":138,"date":"2017-10-29T16:06:30","date_gmt":"2017-10-29T16:06:30","guid":{"rendered":"http:\/\/mediafactory-claas.de\/?page_id=138"},"modified":"2022-12-23T13:03:46","modified_gmt":"2022-12-23T13:03:46","slug":"faq","status":"publish","type":"page","link":"https:\/\/mediafactory-claas.de\/?page_id=138","title":{"rendered":"FAQ"},"content":{"rendered":"\n<p>Die Wenigsten beauftragen mehr als Einmal in Ihrem Leben eine Firma zur Erstellung eines eigenen Films. Bei Fotografien sieht das ggf. anders aus. Von daher m\u00f6chten wir die wichtigsten Fragen zusammenfassend beantworten.<\/p>\n\n\n\n<p><strong>Werden auch Hochzeitsfotos zusammen mit dem Film angeboten?&nbsp;<\/strong><\/p>\n\n\n\n<p>Wir bieten beides an. Ich kann jedoch nicht 2 Kameras parallel bedienen und bin auf einen 2. Kameramann angewiesen. Sowohl f\u00fcr Film, als auch f\u00fcr Foto sind wir bestens ausgestattet. Der Preis f\u00fcr ein Kombipaket l\u00e4sst sich nicht pauschal darstellen, der gew\u00fcnschte Rahmen ist daf\u00fcr viel zu individuell, von daher fragen Sie den Preis des geplanten Vorhabens einfach bei mir an. Mit genaueren Vorgaben kann ich ein schnell ein passendes Angebot unterbreiten. <\/p>\n\n\n\n<p><strong>Wir sind keine Schauspieler, wie sollen wir uns vor der Kamera verhalten?&nbsp;<\/strong><\/p>\n\n\n\n<p>Die fehlende Erfahrung vor der Kamera ist tats\u00e4chlich kein Problem. Wir besprechen vorher, wie man organische und nat\u00fcrliche Sequenzen erh\u00e4lt, ohne dass das Ergebnis gestellt wirkt. Im Idealfall flie\u00dfen Kamera und Kameramann im Geschehen einfach mit. Wie intensiv wir filmisch miteinander arbeiten, legen Sie selber fest. Wollen Sie diskrete Distanz und einen m\u00f6glichst unauff\u00e4lligen Kameramann &#8211; Kein Problem. Bevorzugen w\u00fcrden wir aus \u00e4sthetischer Sicht allerdings eine direktere und motivnahe Kameraf\u00fchrung. Entscheiden Sie selber, wie Sie es w\u00fcnschen.<\/p>\n\n\n\n<p><strong>Bieten Sie auch Sequenzen mit einer Drohne an?&nbsp;<\/strong><\/p>\n\n\n\n<p>Nicht alles was gew\u00fcnscht ist, kann man auch machen. Wenn die restriktive rechtliche Lage es zul\u00e4sst, machen wir das gerne. Drohnenbilder k\u00f6nnen einen Film aufwerten, sie sind aber f\u00fcr einen guten Film nur ein Zusatzgew\u00fcrz und ersetzten keinesfalls die Hauptzutaten. Und dies sind vor allem die Menschen, die diesen besonderen Tag zu einem besonderen Tag erst werden lassen.<\/p>\n\n\n\n<p><strong>Wir m\u00f6chten gerne unseren Lieblingssong in das Video einbinden, geht das?&nbsp;<\/strong><\/p>\n\n\n\n<p>Dies werden wir h\u00e4ufig gefragt. Die Antwort ist einfach: grunds\u00e4tzlich ja, dies w\u00fcrde aber das Budget wahrscheinlich sprengen. Die Verwendung von Musik unterliegt regelm\u00e4\u00dfig dem Urheberrecht. Bei aktuellen Titeln werden hier von den Plattenfirmen sehr hohe Summen f\u00fcr eine legale Verwendung verlangt. Wir lizenzieren f\u00fcr Ihren Film individuell thematisch passende Musik. Dies sind zwar keine Songs aus den Charts aber vertrauen Sie uns, die Musik passt zum Ereignis und ist in unserem Gesamtpreis enthalten.<\/p>\n\n\n\n<p><strong>Wie sieht es denn mit Tonaufnahmen aus?&nbsp;<\/strong><\/p>\n\n\n\n<p>Ton an der richtigen Stelle macht Sinn und unterst\u00fctz den Film. Hierf\u00fcr bieten wir diverse L\u00f6sungen an. Von der Funkstrecke bis zum station\u00e4ren Mikrofon haben wir alles im Programm. Ein kompletter Tonmitschnitt \u00fcber die gesamte Hochzeit hingegen ist kontraproduktiv. Wir sprechen mit Ihnen ab, an welcher Stelle ein Tonmitschnitt sinnvoll oder m\u00f6glich ist und wo man besser auf musikalische Untermalung setzt.<\/p>\n\n\n\n<p><strong>In welcher Entfernung werden Auftr\u00e4ge angenommen?&nbsp;<\/strong><\/p>\n\n\n\n<p>Wir haben unseren Sitz in Bochum und somit im Herzen Nordrhein-Westfalens. Alles was sinnvoll erreichbar ist, erreichen wir auch. Stundenlange Fahrten quer durch Deutschland sind allerdings weder f\u00fcr Sie als Auftraggeber, noch f\u00fcr einen wirtschaftlich vertretbaren Preis sinnvoll. Sollten Sie au\u00dferhalb von Nordrhein-Westfalen heiraten, sprechen Sie uns bitte auf die Realisierbarkeit an.<\/p>\n\n\n\n<p><strong>Wir haben eine(n) Hochzeitsfotografen (in) engagiert, passt das zusammen?&nbsp;<\/strong><\/p>\n\n\n\n<p>Ausdr\u00fccklich: Ja. Sollten Sie uns f\u00fcr einen Film buchen, kooperieren wir auch mit Ihrem Fotografen Ihrer Wahl gerne. Wir bieten sowohl Foto als auch Video an und sind somit bestens mit dem Thema Foto vertraut und ber\u00fccksichtigen die Bed\u00fcrfnisse der Fotografin oder des Fotografen. Wenn wir filmen, sind wir auch nur als Filmer unterwegs und reden dem Fotografen\/in nicht hinein. Ein Hochzeitsfilm ist ebenso wie die Fotografie ein kreativer Schaffensprozess. Hier sollte es beim Auftrag keine Konkurrenz geben. Im Idealfall befl\u00fcgelt man sich w\u00e4hrend der Aufnahmen mit Ideen. Ein Film lebt von den Geschehnissen des Tages und die sind oftmals spontan und nicht immer planbar. Damit jeder den erforderlichen Raum hat, sprechen wir vorher mit dem Hochzeitsfotografen und stimmen uns ab. So ist sichergestellt, dass jeder den erforderlichen Raum erh\u00e4lt und f\u00fcr alles das Beste Ergebnis heraus kommt.<\/p>\n\n\n\n<p><strong>Wie geht es nach den Aufnahmen weiter?&nbsp;<\/strong><\/p>\n\n\n\n<p><strong>A) Film<\/strong><\/p>\n\n\n\n<p>Die Hochzeit war ein Traumereignis, die Geschenke sind sortiert und die Dankeskarten geschrieben. Doch was ist mit dem Hochzeitsfilm?&nbsp;Sie m\u00fcssen nicht lange warten. Wir produzieren Ihren Film zeitnah. Dies bedeutet in der Regel nach einer Woche ist der Film je nach Auftragslage fertig. Wir bieten Ihnen an, den Film in einem nur f\u00fcr Sie zug\u00e4nglichen Bereich f\u00fcr den Download auf unserem Server einzustellen. Sollten Sie noch letzte \u00c4nderungsw\u00fcnsche haben, so kann man das auf diesem Weg wunderbar abstimmen ohne Datentr\u00e4ger mit \u00c4nderungen hin und her zu senden. Wenn das Ergebnis passt, erhalten Sie den Film entweder als Blu-ray Disc oder auf einem USB-Stick und nat\u00fcrlich auch als Download. Auf Wunsch sind nat\u00fcrlich noch andere Medienformate denkbar, hierzu beraten wir gerne.<\/p>\n\n\n\n<p><strong>B) Foto<\/strong><\/p>\n\n\n\n<p>Ihre Fotos werden an einem nur f\u00fcr Sie zug\u00e4nglichen Ort gespeichert. Die erhalten von uns die Zugangsdaten und k\u00f6nnen Ihr Album in Form einer Fotowand sichten, kommentieren, Wertungen hinterlegen, l\u00f6schen,&#8230;<\/p>\n\n\n\n<p>Auf diesem Weg k\u00f6nnen Sie die f\u00fcr Sie relevanten Bilder festlegen und wir bearbeiten Sie dann final weiter. Ganz ohne hin- und herschicken, bequem und \u00fcbersichtlich&#8230;<\/p>\n\n\n\n<p><\/p>\n","protected":false},"excerpt":{"rendered":"<p>Die Wenigsten beauftragen mehr als Einmal in Ihrem Leben eine Firma zur Erstellung eines eigenen Films. Bei Fotografien sieht das ggf. anders aus. Von daher m\u00f6chten wir die wichtigsten Fragen zusammenfassend beantworten. Werden auch Hochzeitsfotos zusammen mit dem Film angeboten?&nbsp; Wir bieten beides an. Ich kann jedoch nicht 2 Kameras parallel bedienen und bin auf &hellip; <\/p>\n","protected":false},"author":1,"featured_media":0,"parent":0,"menu_order":0,"comment_status":"closed","ping_status":"closed","template":"","meta":{"jetpack_post_was_ever_published":false,"footnotes":""},"jetpack_sharing_enabled":true,"jetpack_shortlink":"https:\/\/wp.me\/P9kAVU-2e","jetpack_likes_enabled":true,"jetpack-related-posts":[],"_links":{"self":[{"href":"https:\/\/mediafactory-claas.de\/index.php?rest_route=\/wp\/v2\/pages\/138"}],"collection":[{"href":"https:\/\/mediafactory-claas.de\/index.php?rest_route=\/wp\/v2\/pages"}],"about":[{"href":"https:\/\/mediafactory-claas.de\/index.php?rest_route=\/wp\/v2\/types\/page"}],"author":[{"embeddable":true,"href":"https:\/\/mediafactory-claas.de\/index.php?rest_route=\/wp\/v2\/users\/1"}],"replies":[{"embeddable":true,"href":"https:\/\/mediafactory-claas.de\/index.php?rest_route=%2Fwp%2Fv2%2Fcomments&post=138"}],"version-history":[{"count":20,"href":"https:\/\/mediafactory-claas.de\/index.php?rest_route=\/wp\/v2\/pages\/138\/revisions"}],"predecessor-version":[{"id":841,"href":"https:\/\/mediafactory-claas.de\/index.php?rest_route=\/wp\/v2\/pages\/138\/revisions\/841"}],"wp:attachment":[{"href":"https:\/\/mediafactory-claas.de\/index.php?rest_route=%2Fwp%2Fv2%2Fmedia&parent=138"}],"curies":[{"name":"wp","href":"https:\/\/api.w.org\/{rel}","templated":true}]}}