{"id":113,"date":"2017-10-29T12:12:28","date_gmt":"2017-10-29T12:12:28","guid":{"rendered":"http:\/\/mediafactory-claas.de\/?page_id=113"},"modified":"2023-09-15T11:43:38","modified_gmt":"2023-09-15T11:43:38","slug":"unsere-technik","status":"publish","type":"page","link":"https:\/\/mediafactory-claas.de\/?page_id=113","title":{"rendered":"Unsere Technik f\u00fcr Filme"},"content":{"rendered":"\n<p>Die Frage der &#8220;richtigen&#8221; Kameraausr\u00fcstung wird von 10 Filmschaffenden wahrscheinlich mit 10 Antworten belegt. Wie die meisten Dinge im Leben, ist dies eine Frage der eigenen Einstellung, Einsatzzweck, Erfahrung und des Budgets. Wir nutzen Kameras, die ein hohes Ma\u00df an Flexibilit\u00e4t erm\u00f6glichen. Denn dies ist der Schl\u00fcssel f\u00fcr ein gelungenes Filmprodukt bei einer chaotischen Situation, wie man sie gerne bei Hochzeiten antrifft. Da nutzt eine gro\u00dfe schwere Studiokamera herzlich wenig, wenn die aufzunehmende Szene vorbei ist, derweil man noch Ausr\u00fcstung schleppt. Unsere Ausr\u00fcstung ist auf Flexibilit\u00e4t getrimmt.<\/p>\n\n\n\n<p><strong>Unsere Kameras<\/strong><\/p>\n\n\n\n<p>Wir verwenden haupts\u00e4chlich Vollformatkameras von Sony und Panasonic. <\/p>\n\n\n\n<p>Die Liste der Kameras wird immer l\u00e4nger, f\u00fcr jeden Einsatzzweck haben wir das passende im Sortiment, dies sind u.a. Sony A1, Sony A7RV, Sony FX6, Sony A7SIII, A7IV, Panasonic S1, Panasonic Gh5, GH5s, \u00a0diverse GoPros<\/p>\n\n\n\n<p>Bei den Optiken haben wir eine Vielzahl an Sony, Sigma, Zeiss und Leica Objektiven &nbsp;in Verwendung. Unsere Cinecam, die FX6, ist f\u00fcr die Produktion von Netflixfilmen zertifiziert. <\/p>\n\n\n\n<figure class=\"wp-block-image size-full\"><img loading=\"lazy\" decoding=\"async\" width=\"790\" height=\"767\" data-attachment-id=\"617\" data-permalink=\"https:\/\/mediafactory-claas.de\/?attachment_id=617\" data-orig-file=\"https:\/\/i0.wp.com\/mediafactory-claas.de\/wp-content\/uploads\/2022\/07\/A1.jpg?fit=1000%2C971&amp;ssl=1\" data-orig-size=\"1000,971\" data-comments-opened=\"0\" data-image-meta=\"{&quot;aperture&quot;:&quot;0&quot;,&quot;credit&quot;:&quot;&quot;,&quot;camera&quot;:&quot;&quot;,&quot;caption&quot;:&quot;&quot;,&quot;created_timestamp&quot;:&quot;0&quot;,&quot;copyright&quot;:&quot;&quot;,&quot;focal_length&quot;:&quot;0&quot;,&quot;iso&quot;:&quot;0&quot;,&quot;shutter_speed&quot;:&quot;0&quot;,&quot;title&quot;:&quot;&quot;,&quot;orientation&quot;:&quot;0&quot;}\" data-image-title=\"A1\" data-image-description=\"\" data-image-caption=\"\" data-medium-file=\"https:\/\/i0.wp.com\/mediafactory-claas.de\/wp-content\/uploads\/2022\/07\/A1.jpg?fit=300%2C291&amp;ssl=1\" data-large-file=\"https:\/\/i0.wp.com\/mediafactory-claas.de\/wp-content\/uploads\/2022\/07\/A1.jpg?fit=790%2C767&amp;ssl=1\" tabindex=\"0\" role=\"button\" src=\"https:\/\/i0.wp.com\/mediafactory-claas.de\/wp-content\/uploads\/2022\/07\/A1.jpg?resize=790%2C767&#038;ssl=1\" alt=\"\" class=\"wp-image-617\" srcset=\"https:\/\/i0.wp.com\/mediafactory-claas.de\/wp-content\/uploads\/2022\/07\/A1.jpg?w=1000&amp;ssl=1 1000w, https:\/\/i0.wp.com\/mediafactory-claas.de\/wp-content\/uploads\/2022\/07\/A1.jpg?resize=300%2C291&amp;ssl=1 300w, https:\/\/i0.wp.com\/mediafactory-claas.de\/wp-content\/uploads\/2022\/07\/A1.jpg?resize=768%2C746&amp;ssl=1 768w\" sizes=\"(max-width: 790px) 100vw, 790px\" data-recalc-dims=\"1\" \/><figcaption class=\"wp-element-caption\">Sony A1<\/figcaption><\/figure>\n\n\n\n<figure class=\"wp-block-image size-full is-resized\"><img loading=\"lazy\" decoding=\"async\" data-attachment-id=\"715\" data-permalink=\"https:\/\/mediafactory-claas.de\/?attachment_id=715\" data-orig-file=\"https:\/\/i0.wp.com\/mediafactory-claas.de\/wp-content\/uploads\/2022\/08\/527805201cffcad3aafe0cd433889a36.jpeg?fit=600%2C400&amp;ssl=1\" data-orig-size=\"600,400\" data-comments-opened=\"0\" data-image-meta=\"{&quot;aperture&quot;:&quot;0&quot;,&quot;credit&quot;:&quot;&quot;,&quot;camera&quot;:&quot;&quot;,&quot;caption&quot;:&quot;&quot;,&quot;created_timestamp&quot;:&quot;0&quot;,&quot;copyright&quot;:&quot;&quot;,&quot;focal_length&quot;:&quot;0&quot;,&quot;iso&quot;:&quot;0&quot;,&quot;shutter_speed&quot;:&quot;0&quot;,&quot;title&quot;:&quot;&quot;,&quot;orientation&quot;:&quot;0&quot;}\" data-image-title=\"527805201cffcad3aafe0cd433889a36\" data-image-description=\"\" data-image-caption=\"\" data-medium-file=\"https:\/\/i0.wp.com\/mediafactory-claas.de\/wp-content\/uploads\/2022\/08\/527805201cffcad3aafe0cd433889a36.jpeg?fit=300%2C200&amp;ssl=1\" data-large-file=\"https:\/\/i0.wp.com\/mediafactory-claas.de\/wp-content\/uploads\/2022\/08\/527805201cffcad3aafe0cd433889a36.jpeg?fit=600%2C400&amp;ssl=1\" tabindex=\"0\" role=\"button\" src=\"https:\/\/i0.wp.com\/mediafactory-claas.de\/wp-content\/uploads\/2022\/08\/527805201cffcad3aafe0cd433889a36.jpeg?resize=790%2C527&#038;ssl=1\" alt=\"\" class=\"wp-image-715\" width=\"790\" height=\"527\" srcset=\"https:\/\/i0.wp.com\/mediafactory-claas.de\/wp-content\/uploads\/2022\/08\/527805201cffcad3aafe0cd433889a36.jpeg?w=600&amp;ssl=1 600w, https:\/\/i0.wp.com\/mediafactory-claas.de\/wp-content\/uploads\/2022\/08\/527805201cffcad3aafe0cd433889a36.jpeg?resize=300%2C200&amp;ssl=1 300w, https:\/\/i0.wp.com\/mediafactory-claas.de\/wp-content\/uploads\/2022\/08\/527805201cffcad3aafe0cd433889a36.jpeg?resize=90%2C60&amp;ssl=1 90w, https:\/\/i0.wp.com\/mediafactory-claas.de\/wp-content\/uploads\/2022\/08\/527805201cffcad3aafe0cd433889a36.jpeg?resize=374%2C249&amp;ssl=1 374w\" sizes=\"(max-width: 790px) 100vw, 790px\" data-recalc-dims=\"1\" \/><figcaption class=\"wp-element-caption\">Sony FX6<\/figcaption><\/figure>\n\n\n\n<p><strong>Eine Frage der Stabilit\u00e4t<\/strong><\/p>\n\n\n\n<p>Die beste Kamera bringt keine brauchbaren Ergebnisse, wenn sie verwackelt (wird). Von daher greifen viele Hochzeitsfilmer zu Stativen. Hieraus resultiert ein unverwackeltes und technisch gutes Ergebnis. Leider sind diese Filme oftmals nicht &#8220;organisch&#8221;. Der Zuschauer ist hier nicht ins Geschehen eingebunden, vor allem dann nicht, wenn die Kamera in der Ferne steht und der Zoom verwendet wird. Dies wirkt f\u00fcr den Betrachter oftmals unnat\u00fcrlich. Eine Kamera ins Geschehen zu bringen macht es erforderlich, dass man sich bewegen kann und dies setzt eine geeignete Stabilisierung voraus. Wir haben insgesamt 6 unterschiedliche Gimbal (von klein bis gro\u00df) im Einsatz.<\/p>\n\n\n\n<figure class=\"wp-block-image\"><img loading=\"lazy\" decoding=\"async\" width=\"662\" height=\"553\" data-attachment-id=\"120\" data-permalink=\"https:\/\/mediafactory-claas.de\/?attachment_id=120\" data-orig-file=\"https:\/\/i0.wp.com\/mediafactory-claas.de\/wp-content\/uploads\/2017\/10\/roninm.jpg?fit=662%2C553&amp;ssl=1\" data-orig-size=\"662,553\" data-comments-opened=\"1\" data-image-meta=\"{&quot;aperture&quot;:&quot;0&quot;,&quot;credit&quot;:&quot;&quot;,&quot;camera&quot;:&quot;&quot;,&quot;caption&quot;:&quot;&quot;,&quot;created_timestamp&quot;:&quot;0&quot;,&quot;copyright&quot;:&quot;&quot;,&quot;focal_length&quot;:&quot;0&quot;,&quot;iso&quot;:&quot;0&quot;,&quot;shutter_speed&quot;:&quot;0&quot;,&quot;title&quot;:&quot;&quot;,&quot;orientation&quot;:&quot;1&quot;}\" data-image-title=\"roninm\" data-image-description=\"\" data-image-caption=\"\" data-medium-file=\"https:\/\/i0.wp.com\/mediafactory-claas.de\/wp-content\/uploads\/2017\/10\/roninm.jpg?fit=300%2C251&amp;ssl=1\" data-large-file=\"https:\/\/i0.wp.com\/mediafactory-claas.de\/wp-content\/uploads\/2017\/10\/roninm.jpg?fit=662%2C553&amp;ssl=1\" tabindex=\"0\" role=\"button\" src=\"https:\/\/i0.wp.com\/mediafactory-claas.de\/wp-content\/uploads\/2017\/10\/roninm.jpg?resize=662%2C553&#038;ssl=1\" alt=\"\" class=\"wp-image-120\" srcset=\"https:\/\/i0.wp.com\/mediafactory-claas.de\/wp-content\/uploads\/2017\/10\/roninm.jpg?w=662&amp;ssl=1 662w, https:\/\/i0.wp.com\/mediafactory-claas.de\/wp-content\/uploads\/2017\/10\/roninm.jpg?resize=300%2C251&amp;ssl=1 300w\" sizes=\"(max-width: 662px) 100vw, 662px\" data-recalc-dims=\"1\" \/><\/figure>\n\n\n\n<p><\/p>\n\n\n\n<p><strong>Eine Frage der Absprache<\/strong><\/p>\n\n\n\n<p>Welches System eingesetzt wird, h\u00e4ngt von Ihren W\u00fcnschen und Vorstellungen ab. Soll der Film m\u00f6glichst diskret aus dem Hintergrund heraus entstehen, so kommen Stativ und Teleobjektive zum Einsatz. Soll der &#8220;Mittendrin-Effekt&#8221; erzielt werden, setzen wir eine geeignete Gimball\u00f6sung ein (je nach Wunsch von der kleinen bis zur gro\u00dfen Ausf\u00fchrung). Hierzu beraten wir Sie gerne und ausf\u00fchrlich. Stets gilt das Motto: Der Kunde bestimmt seinen Film selbst.<\/p>\n\n\n\n<p><strong>Und wieviel Aufl\u00f6sung darf es sein?&nbsp;<\/strong><\/p>\n\n\n\n<p>Wir nehmen in 4K\/Ultra HD und auch in 8K auf. Ausgeliefert wird in 4K Aufl\u00f6sung. <\/p>\n\n\n\n<p><strong>Der gute Ton macht nicht nur die Musik<\/strong><\/p>\n\n\n\n<p>F\u00fcr eine optimale akustische Aufnahme ist der Aufwand \u00e4hnlich hoch, wie auf der optischen Seite. Damit in kritischen Situationen auch nichts verloren geht, setzten wir ein breites Spektrum an Audioequipment ein. F\u00fcr perfekte Audioaufnahmen verwenden wir den Zoom F6 Fieldrecoder. Zus\u00e4tzlich haben wir den Tascam X-8 f\u00fcr den ultra mobilen Einsatz in Verwendung. <\/p>\n\n\n\n<figure class=\"wp-block-image size-large\"><img loading=\"lazy\" decoding=\"async\" width=\"790\" height=\"698\" data-attachment-id=\"718\" data-permalink=\"https:\/\/mediafactory-claas.de\/?attachment_id=718\" data-orig-file=\"https:\/\/i0.wp.com\/mediafactory-claas.de\/wp-content\/uploads\/2022\/08\/F6_slant_01.jpg.0x1600_q80_crop-scale_focal_area-1494152526071889_size_canvas.jpg?fit=1810%2C1600&amp;ssl=1\" data-orig-size=\"1810,1600\" data-comments-opened=\"0\" data-image-meta=\"{&quot;aperture&quot;:&quot;0&quot;,&quot;credit&quot;:&quot;&quot;,&quot;camera&quot;:&quot;&quot;,&quot;caption&quot;:&quot;&quot;,&quot;created_timestamp&quot;:&quot;0&quot;,&quot;copyright&quot;:&quot;&quot;,&quot;focal_length&quot;:&quot;0&quot;,&quot;iso&quot;:&quot;0&quot;,&quot;shutter_speed&quot;:&quot;0&quot;,&quot;title&quot;:&quot;&quot;,&quot;orientation&quot;:&quot;0&quot;}\" data-image-title=\"F6_slant_01.jpg.0x1600_q80_crop-scale_focal_area-1494152526071889_size_canvas\" data-image-description=\"\" data-image-caption=\"\" data-medium-file=\"https:\/\/i0.wp.com\/mediafactory-claas.de\/wp-content\/uploads\/2022\/08\/F6_slant_01.jpg.0x1600_q80_crop-scale_focal_area-1494152526071889_size_canvas.jpg?fit=300%2C265&amp;ssl=1\" data-large-file=\"https:\/\/i0.wp.com\/mediafactory-claas.de\/wp-content\/uploads\/2022\/08\/F6_slant_01.jpg.0x1600_q80_crop-scale_focal_area-1494152526071889_size_canvas.jpg?fit=790%2C698&amp;ssl=1\" tabindex=\"0\" role=\"button\" src=\"https:\/\/i0.wp.com\/mediafactory-claas.de\/wp-content\/uploads\/2022\/08\/F6_slant_01.jpg.0x1600_q80_crop-scale_focal_area-1494152526071889_size_canvas.jpg?resize=790%2C698&#038;ssl=1\" alt=\"\" class=\"wp-image-718\" srcset=\"https:\/\/i0.wp.com\/mediafactory-claas.de\/wp-content\/uploads\/2022\/08\/F6_slant_01.jpg.0x1600_q80_crop-scale_focal_area-1494152526071889_size_canvas.jpg?resize=1024%2C905&amp;ssl=1 1024w, https:\/\/i0.wp.com\/mediafactory-claas.de\/wp-content\/uploads\/2022\/08\/F6_slant_01.jpg.0x1600_q80_crop-scale_focal_area-1494152526071889_size_canvas.jpg?resize=300%2C265&amp;ssl=1 300w, https:\/\/i0.wp.com\/mediafactory-claas.de\/wp-content\/uploads\/2022\/08\/F6_slant_01.jpg.0x1600_q80_crop-scale_focal_area-1494152526071889_size_canvas.jpg?resize=768%2C679&amp;ssl=1 768w, https:\/\/i0.wp.com\/mediafactory-claas.de\/wp-content\/uploads\/2022\/08\/F6_slant_01.jpg.0x1600_q80_crop-scale_focal_area-1494152526071889_size_canvas.jpg?resize=1536%2C1358&amp;ssl=1 1536w, https:\/\/i0.wp.com\/mediafactory-claas.de\/wp-content\/uploads\/2022\/08\/F6_slant_01.jpg.0x1600_q80_crop-scale_focal_area-1494152526071889_size_canvas.jpg?resize=68%2C60&amp;ssl=1 68w, https:\/\/i0.wp.com\/mediafactory-claas.de\/wp-content\/uploads\/2022\/08\/F6_slant_01.jpg.0x1600_q80_crop-scale_focal_area-1494152526071889_size_canvas.jpg?w=1810&amp;ssl=1 1810w\" sizes=\"(max-width: 790px) 100vw, 790px\" data-recalc-dims=\"1\" \/><\/figure>\n\n\n\n<p><strong>Hochzeitsfilm oder Hochzeitsvideo, wo ist der Unterschied?&nbsp;<\/strong><\/p>\n\n\n\n<p>Die Begriffe werden gerne synonym verwendet. Unsere Unterscheidung entspringt der jahrelangen Erfahrung mit den unterschiedlichsten Aufnahmeverfahren und entspricht nur unserer Meinung und keiner wissenschaftlichen Unterscheidung. Aber gibt es denn nicht doch einen Unterschied? Und warum bieten wir einen Hochzeitsfilm und nicht ein Hochzeitsvideo an?<\/p>\n\n\n\n<p>Ein Film war urspr\u00fcnglich auf Zelluloid belichtetets Silber mit einer Einf\u00e4rbung \u00fcber Farbkuppler in den 3 Grundfarbe. Video hingegen ist im Ursprung ein magnetisches Aufzeichnungsverfahren. Der Unterschied zwischen einem Film und einem Video war \u00fcber lange Zeiten \u00fcberdeutlich zu sehen. Das Video wirkte in der Vergangenheit regelm\u00e4\u00dfig k\u00fcnstlich, der Film hingegen war im wahrsten Sinne cineastisch. Heute wird im Filmbereich nicht mehr mit chemisch entwickelten Filmmaterial gearbeitet. Auch Magnetb\u00e4nder finden praktisch keinen Anwendung mehr. Die Grenzen zwischen Video und Film sind &nbsp;in Folge neuer Aufzeichnungsverfahren verschwunden. Heutzutage wird digital aufgenommen und produziert. Um den typischen &#8220;Filmlook&#8221; zu erhalten, ist schon bei der Aufnahme etliches zu beachten. Dies f\u00e4ngt bei der Wahl der verwendeten Kamera, der Verschlusszeiten, den verwendeten Objektiven an und endet erst mit der finalen Version im Schneideprogramm. Unser Ziel ist es, einen organisch wirkenden Film zu erstellen und kein eher k\u00fcnstliches Produkt im Stil eines 90er Jahre Videos.<\/p>\n\n\n\n<p>Kurzum: Seien Sie sicher, wir verwenden die f\u00fcr die Situation passendste Aufnahmetechnik<\/p>\n\n\n\n<figure class=\"wp-block-image\"><img loading=\"lazy\" decoding=\"async\" width=\"790\" height=\"527\" data-attachment-id=\"249\" data-permalink=\"https:\/\/mediafactory-claas.de\/?attachment_id=249\" data-orig-file=\"https:\/\/i0.wp.com\/mediafactory-claas.de\/wp-content\/uploads\/2017\/10\/camera-1240219.jpg?fit=4000%2C2667&amp;ssl=1\" data-orig-size=\"4000,2667\" data-comments-opened=\"1\" data-image-meta=\"{&quot;aperture&quot;:&quot;14&quot;,&quot;credit&quot;:&quot;&quot;,&quot;camera&quot;:&quot;Canon EOS 70D&quot;,&quot;caption&quot;:&quot;&quot;,&quot;created_timestamp&quot;:&quot;0&quot;,&quot;copyright&quot;:&quot;&quot;,&quot;focal_length&quot;:&quot;50&quot;,&quot;iso&quot;:&quot;100&quot;,&quot;shutter_speed&quot;:&quot;10&quot;,&quot;title&quot;:&quot;&quot;,&quot;orientation&quot;:&quot;0&quot;}\" data-image-title=\"camera-1240219\" data-image-description=\"\" data-image-caption=\"\" data-medium-file=\"https:\/\/i0.wp.com\/mediafactory-claas.de\/wp-content\/uploads\/2017\/10\/camera-1240219.jpg?fit=300%2C200&amp;ssl=1\" data-large-file=\"https:\/\/i0.wp.com\/mediafactory-claas.de\/wp-content\/uploads\/2017\/10\/camera-1240219.jpg?fit=790%2C527&amp;ssl=1\" tabindex=\"0\" role=\"button\" src=\"https:\/\/i0.wp.com\/mediafactory-claas.de\/wp-content\/uploads\/2017\/10\/camera-1240219.jpg?resize=790%2C527&#038;ssl=1\" alt=\"\" class=\"wp-image-249\" srcset=\"https:\/\/i0.wp.com\/mediafactory-claas.de\/wp-content\/uploads\/2017\/10\/camera-1240219.jpg?resize=1024%2C683&amp;ssl=1 1024w, https:\/\/i0.wp.com\/mediafactory-claas.de\/wp-content\/uploads\/2017\/10\/camera-1240219.jpg?resize=300%2C200&amp;ssl=1 300w, https:\/\/i0.wp.com\/mediafactory-claas.de\/wp-content\/uploads\/2017\/10\/camera-1240219.jpg?resize=768%2C512&amp;ssl=1 768w, https:\/\/i0.wp.com\/mediafactory-claas.de\/wp-content\/uploads\/2017\/10\/camera-1240219.jpg?w=1580&amp;ssl=1 1580w, https:\/\/i0.wp.com\/mediafactory-claas.de\/wp-content\/uploads\/2017\/10\/camera-1240219.jpg?w=2370&amp;ssl=1 2370w\" sizes=\"(max-width: 790px) 100vw, 790px\" data-recalc-dims=\"1\" \/><\/figure>\n","protected":false},"excerpt":{"rendered":"<p>Die Frage der &#8220;richtigen&#8221; Kameraausr\u00fcstung wird von 10 Filmschaffenden wahrscheinlich mit 10 Antworten belegt. Wie die meisten Dinge im Leben, ist dies eine Frage der eigenen Einstellung, Einsatzzweck, Erfahrung und des Budgets. Wir nutzen Kameras, die ein hohes Ma\u00df an Flexibilit\u00e4t erm\u00f6glichen. Denn dies ist der Schl\u00fcssel f\u00fcr ein gelungenes Filmprodukt bei einer chaotischen Situation, &hellip; <\/p>\n","protected":false},"author":1,"featured_media":0,"parent":0,"menu_order":0,"comment_status":"closed","ping_status":"closed","template":"","meta":{"jetpack_post_was_ever_published":false,"footnotes":""},"jetpack_sharing_enabled":true,"jetpack_shortlink":"https:\/\/wp.me\/P9kAVU-1P","jetpack_likes_enabled":true,"jetpack-related-posts":[],"_links":{"self":[{"href":"https:\/\/mediafactory-claas.de\/index.php?rest_route=\/wp\/v2\/pages\/113"}],"collection":[{"href":"https:\/\/mediafactory-claas.de\/index.php?rest_route=\/wp\/v2\/pages"}],"about":[{"href":"https:\/\/mediafactory-claas.de\/index.php?rest_route=\/wp\/v2\/types\/page"}],"author":[{"embeddable":true,"href":"https:\/\/mediafactory-claas.de\/index.php?rest_route=\/wp\/v2\/users\/1"}],"replies":[{"embeddable":true,"href":"https:\/\/mediafactory-claas.de\/index.php?rest_route=%2Fwp%2Fv2%2Fcomments&post=113"}],"version-history":[{"count":35,"href":"https:\/\/mediafactory-claas.de\/index.php?rest_route=\/wp\/v2\/pages\/113\/revisions"}],"predecessor-version":[{"id":966,"href":"https:\/\/mediafactory-claas.de\/index.php?rest_route=\/wp\/v2\/pages\/113\/revisions\/966"}],"wp:attachment":[{"href":"https:\/\/mediafactory-claas.de\/index.php?rest_route=%2Fwp%2Fv2%2Fmedia&parent=113"}],"curies":[{"name":"wp","href":"https:\/\/api.w.org\/{rel}","templated":true}]}}