{"id":1099,"date":"2025-03-21T07:37:40","date_gmt":"2025-03-21T07:37:40","guid":{"rendered":"https:\/\/mediafactory-claas.de\/?page_id=1099"},"modified":"2025-03-21T07:37:40","modified_gmt":"2025-03-21T07:37:40","slug":"massgeschneiderte-filme-fuer-den-oeffentlichen-sektor","status":"publish","type":"page","link":"https:\/\/mediafactory-claas.de\/?page_id=1099","title":{"rendered":"Ma\u00dfgeschneiderte Filme f\u00fcr den \u00f6ffentlichen Sektor"},"content":{"rendered":"\n<p>Ich erstelle professionelle Filme f\u00fcr Verwaltungen und \u00f6ffentliche Einrichtungen \u2013 individuell, hochwertig und auf den Punkt gebracht. Mit modernster Technik und einem geschulten Blick f\u00fcr Details setze ich Ihre Botschaften in Szene.<\/p>\n\n\n\n<p>Jede Verwaltung hat ihre eigenen Themen, Zielgruppen und Kommunikationsziele. Deshalb entwickle ich passgenaue Filmkonzepte, die genau auf Ihre Bed\u00fcrfnisse zugeschnitten sind. Ob Imagefilm, Veranstaltungsdokumentation oder Erkl\u00e4rvideo \u2013 ich begleite den gesamten Prozess von der Planung bis zur finalen Produktion.<\/p>\n\n\n\n<p>Sie suchen einen Film, der Ihre Themen verst\u00e4ndlich, ansprechend und professionell vermittelt? Lassen Sie uns gemeinsam Ihr Projekt verwirklichen!<\/p>\n\n\n\n<p>Hier finden Sie einige Beispiele:  <\/p>\n\n\n\n<figure class=\"wp-block-embed is-type-video is-provider-youtube wp-block-embed-youtube wp-embed-aspect-16-9 wp-has-aspect-ratio\"><div class=\"wp-block-embed__wrapper\">\n<iframe loading=\"lazy\"  id=\"_ytid_72060\"  width=\"790\" height=\"444\"  data-origwidth=\"790\" data-origheight=\"444\" src=\"https:\/\/www.youtube.com\/embed\/sE-VlHQkzu4?enablejsapi=1&#038;autoplay=0&#038;cc_load_policy=0&#038;cc_lang_pref=&#038;iv_load_policy=1&#038;loop=0&#038;modestbranding=0&#038;rel=0&#038;fs=1&#038;playsinline=0&#038;autohide=2&#038;theme=dark&#038;color=red&#038;controls=1&#038;\" class=\"__youtube_prefs__  epyt-is-override  no-lazyload\" title=\"YouTube player\"  allow=\"accelerometer; autoplay; clipboard-write; encrypted-media; gyroscope; picture-in-picture\" allowfullscreen data-no-lazy=\"1\" data-skipgform_ajax_framebjll=\"\"><\/iframe>\n<\/div><figcaption class=\"wp-element-caption\">Das Netzwerk Agile Verwaltung, Veranstaltung 2024 in K\u00f6ln<\/figcaption><\/figure>\n\n\n\n<figure class=\"wp-block-embed is-type-video is-provider-youtube wp-block-embed-youtube wp-embed-aspect-16-9 wp-has-aspect-ratio\"><div class=\"wp-block-embed__wrapper\">\n<iframe loading=\"lazy\"  id=\"_ytid_28171\"  width=\"790\" height=\"444\"  data-origwidth=\"790\" data-origheight=\"444\" src=\"https:\/\/www.youtube.com\/embed\/QVPpuT-7LlM?enablejsapi=1&#038;autoplay=0&#038;cc_load_policy=0&#038;cc_lang_pref=&#038;iv_load_policy=1&#038;loop=0&#038;modestbranding=0&#038;rel=0&#038;fs=1&#038;playsinline=0&#038;autohide=2&#038;theme=dark&#038;color=red&#038;controls=1&#038;\" class=\"__youtube_prefs__  epyt-is-override  no-lazyload\" title=\"YouTube player\"  allow=\"accelerometer; autoplay; clipboard-write; encrypted-media; gyroscope; picture-in-picture\" allowfullscreen data-no-lazy=\"1\" data-skipgform_ajax_framebjll=\"\"><\/iframe>\n<\/div><figcaption class=\"wp-element-caption\">Herne begr\u00fc\u00dft als Host Town die irakische Delegation f\u00fcr die Special Olympics 2023 in Berlin<\/figcaption><\/figure>\n\n\n\n<figure class=\"wp-block-embed is-type-video is-provider-youtube wp-block-embed-youtube wp-embed-aspect-16-9 wp-has-aspect-ratio\"><div class=\"wp-block-embed__wrapper\">\n<iframe loading=\"lazy\"  id=\"_ytid_33935\"  width=\"790\" height=\"444\"  data-origwidth=\"790\" data-origheight=\"444\" src=\"https:\/\/www.youtube.com\/embed\/KmJxiGtpAwg?enablejsapi=1&#038;autoplay=0&#038;cc_load_policy=0&#038;cc_lang_pref=&#038;iv_load_policy=1&#038;loop=0&#038;modestbranding=0&#038;rel=0&#038;fs=1&#038;playsinline=0&#038;autohide=2&#038;theme=dark&#038;color=red&#038;controls=1&#038;\" class=\"__youtube_prefs__  epyt-is-override  no-lazyload\" title=\"YouTube player\"  allow=\"accelerometer; autoplay; clipboard-write; encrypted-media; gyroscope; picture-in-picture\" allowfullscreen data-no-lazy=\"1\" data-skipgform_ajax_framebjll=\"\"><\/iframe>\n<\/div><figcaption class=\"wp-element-caption\">Forum Agil in die Zukunft am 18. August 2023 im Kunstmuseum Bochum<\/figcaption><\/figure>\n","protected":false},"excerpt":{"rendered":"<p>Ich erstelle professionelle Filme f\u00fcr Verwaltungen und \u00f6ffentliche Einrichtungen \u2013 individuell, hochwertig und auf den Punkt gebracht. Mit modernster Technik und einem geschulten Blick f\u00fcr Details setze ich Ihre Botschaften in Szene. Jede Verwaltung hat ihre eigenen Themen, Zielgruppen und Kommunikationsziele. Deshalb entwickle ich passgenaue Filmkonzepte, die genau auf Ihre Bed\u00fcrfnisse zugeschnitten sind. Ob Imagefilm, &hellip; <\/p>\n","protected":false},"author":1,"featured_media":0,"parent":0,"menu_order":0,"comment_status":"closed","ping_status":"closed","template":"","meta":{"jetpack_post_was_ever_published":false,"footnotes":""},"jetpack_sharing_enabled":true,"jetpack_shortlink":"https:\/\/wp.me\/P9kAVU-hJ","jetpack_likes_enabled":true,"jetpack-related-posts":[],"_links":{"self":[{"href":"https:\/\/mediafactory-claas.de\/index.php?rest_route=\/wp\/v2\/pages\/1099"}],"collection":[{"href":"https:\/\/mediafactory-claas.de\/index.php?rest_route=\/wp\/v2\/pages"}],"about":[{"href":"https:\/\/mediafactory-claas.de\/index.php?rest_route=\/wp\/v2\/types\/page"}],"author":[{"embeddable":true,"href":"https:\/\/mediafactory-claas.de\/index.php?rest_route=\/wp\/v2\/users\/1"}],"replies":[{"embeddable":true,"href":"https:\/\/mediafactory-claas.de\/index.php?rest_route=%2Fwp%2Fv2%2Fcomments&post=1099"}],"version-history":[{"count":1,"href":"https:\/\/mediafactory-claas.de\/index.php?rest_route=\/wp\/v2\/pages\/1099\/revisions"}],"predecessor-version":[{"id":1101,"href":"https:\/\/mediafactory-claas.de\/index.php?rest_route=\/wp\/v2\/pages\/1099\/revisions\/1101"}],"wp:attachment":[{"href":"https:\/\/mediafactory-claas.de\/index.php?rest_route=%2Fwp%2Fv2%2Fmedia&parent=1099"}],"curies":[{"name":"wp","href":"https:\/\/api.w.org\/{rel}","templated":true}]}}